{"id":36384,"date":"2020-12-10T07:16:25","date_gmt":"2020-12-10T06:16:25","guid":{"rendered":"https:\/\/sinaproiiot.com\/?page_id=36384"},"modified":"2022-02-25T12:46:35","modified_gmt":"2022-02-25T11:46:35","slug":"portfolio","status":"publish","type":"page","link":"https:\/\/sinaproiiot.com\/en\/portfolio\/","title":{"rendered":"Use Cases"},"content":{"rendered":"<div data-elementor-type=\"wp-page\" data-elementor-id=\"36384\" class=\"elementor elementor-36384\" data-elementor-settings=\"[]\">\n\t\t\t\t\t\t\t<div class=\"elementor-section-wrap\">\n\t\t\t\t\t\t\t<section class=\"elementor-section elementor-top-section elementor-element elementor-element-5146edb elementor-section-boxed elementor-section-height-default elementor-section-height-default\" data-id=\"5146edb\" data-element_type=\"section\">\n\t\t\t\t\t\t<div class=\"elementor-container elementor-column-gap-default\">\n\t\t\t\t\t<div class=\"elementor-column elementor-col-100 elementor-top-column elementor-element elementor-element-544cc4e\" data-id=\"544cc4e\" data-element_type=\"column\">\n\t\t\t<div class=\"elementor-widget-wrap elementor-element-populated\">\n\t\t\t\t\t\t\t\t<div class=\"elementor-element elementor-element-0ca9961 elementor-widget elementor-widget-radiant-portfolio\" data-id=\"0ca9961\" data-element_type=\"widget\" data-widget_type=\"radiant-portfolio.default\">\n\t\t\t\t<div class=\"elementor-widget-container\">\n\t\t\t<div  class=\"rt-case-study-box-filter element-one\"><button class=\"matchHeight current-menu-item\" data-filter=\"*\"><span>All groups <\/span><span class=\"num\">10<\/span><\/button><button class=\"matchHeight\" data-filter=\".kosovna-proizvodnja\">\/<span class=\"name\">Bulk manufacturing <\/span><span class=\"num\">3<\/span><\/button><button class=\"matchHeight\" data-filter=\".procesna-industrija\">\/<span class=\"name\">Process manufacturing <\/span><span class=\"num\">7<\/span><\/button><\/div><div class=\"rt-portfolio-box style-seven rt-case-study-box element-two row isotope\"><div class=\"rt-portfolio-box-item holder col-md-4  kosovna-proizvodnja\">\n      \n\n\n      <div class=\"pic\">\n        \n        \n        <div class=\"product-image\">\n\n<a href=\"https:\/\/sinaproiiot.com\/en\/portfolio\/livar\/\"><img decoding=\"async\" src=\"https:\/\/sinaproiiot.com\/wp-content\/uploads\/2020\/07\/Livar1.png\" \/> <\/a>\n<\/div>\n        \n        <a class=\"overlay\" href=\"https:\/\/sinaproiiot.com\/en\/portfolio\/livar\/\"><\/a>\n      <\/div>\n      <div class=\"rt-portfolio-item-details\">\n        <h6><a href=\"https:\/\/sinaproiiot.com\/en\/portfolio\/livar\/\">LIVAR, d.d.<\/a><\/h6>\n        <div class=\"rt-category-holder\">\n          <span class=\"rt-category\"><a href=\"https:\/\/sinaproiiot.com\/en\/portfolio\/livar\/\">Bulk manufacturing<\/a><\/span>\n        <\/div>\n\n \n\n        <div class=\"rt-show-project\">\n          <div class=\"rt-show-project-link\">\n            <a href=\"https:\/\/sinaproiiot.com\/en\/portfolio\/livar\/\">\n              Show case <\/a>\n          <\/div>\n        <\/div>\n      <\/div>\n    <\/div><div class=\"rt-portfolio-box-item holder col-md-4  kosovna-proizvodnja\">\n      \n\n\n      <div class=\"pic\">\n        \n        \n        <div class=\"product-image\">\n\n<a href=\"https:\/\/sinaproiiot.com\/en\/portfolio\/tik\/\"><img decoding=\"async\" src=\"https:\/\/sinaproiiot.com\/wp-content\/uploads\/2022\/01\/Tik1-1.png\" \/> <\/a>\n<\/div>\n        \n        <a class=\"overlay\" href=\"https:\/\/sinaproiiot.com\/en\/portfolio\/tik\/\"><\/a>\n      <\/div>\n      <div class=\"rt-portfolio-item-details\">\n        <h6><a href=\"https:\/\/sinaproiiot.com\/en\/portfolio\/tik\/\">TIK d.o.o.<\/a><\/h6>\n        <div class=\"rt-category-holder\">\n          <span class=\"rt-category\"><a href=\"https:\/\/sinaproiiot.com\/en\/portfolio\/tik\/\">Bulk manufacturing<\/a><\/span>\n        <\/div>\n\n \n\n        <div class=\"rt-show-project\">\n          <div class=\"rt-show-project-link\">\n            <a href=\"https:\/\/sinaproiiot.com\/en\/portfolio\/tik\/\">\n              Show case <\/a>\n          <\/div>\n        <\/div>\n      <\/div>\n    <\/div><div class=\"rt-portfolio-box-item holder col-md-4  procesna-industrija\">\n      \n\n\n      <div class=\"pic\">\n        \n        \n        <div class=\"product-image\">\n\n<a href=\"https:\/\/sinaproiiot.com\/en\/portfolio\/jub-2\/\"><img decoding=\"async\" src=\"https:\/\/sinaproiiot.com\/wp-content\/uploads\/2023\/07\/Zajeta-slika-e1689245549490.png\" \/> <\/a>\n<\/div>\n        \n        <a class=\"overlay\" href=\"https:\/\/sinaproiiot.com\/en\/portfolio\/jub-2\/\"><\/a>\n      <\/div>\n      <div class=\"rt-portfolio-item-details\">\n        <h6><a href=\"https:\/\/sinaproiiot.com\/en\/portfolio\/jub-2\/\">JUB d.o.o.<\/a><\/h6>\n        <div class=\"rt-category-holder\">\n          <span class=\"rt-category\"><a href=\"https:\/\/sinaproiiot.com\/en\/portfolio\/jub-2\/\">Process manufacturing<\/a><\/span>\n        <\/div>\n\n \n\n        <div class=\"rt-show-project\">\n          <div class=\"rt-show-project-link\">\n            <a href=\"https:\/\/sinaproiiot.com\/en\/portfolio\/jub-2\/\">\n              Show case <\/a>\n          <\/div>\n        <\/div>\n      <\/div>\n    <\/div><div class=\"rt-portfolio-box-item holder col-md-4  kosovna-proizvodnja\">\n      \n\n\n      <div class=\"pic\">\n        \n        \n        <div class=\"product-image\">\n\n<a href=\"https:\/\/sinaproiiot.com\/en\/portfolio\/k2-pak-d-o-o-2\/\"><img decoding=\"async\" src=\"https:\/\/sinaproiiot.com\/wp-content\/uploads\/2023\/04\/K2PAK_Podjetje_V2.png\" \/> <\/a>\n<\/div>\n        \n        <a class=\"overlay\" href=\"https:\/\/sinaproiiot.com\/en\/portfolio\/k2-pak-d-o-o-2\/\"><\/a>\n      <\/div>\n      <div class=\"rt-portfolio-item-details\">\n        <h6><a href=\"https:\/\/sinaproiiot.com\/en\/portfolio\/k2-pak-d-o-o-2\/\">K2 PAK d.o.o.<\/a><\/h6>\n        <div class=\"rt-category-holder\">\n          <span class=\"rt-category\"><a href=\"https:\/\/sinaproiiot.com\/en\/portfolio\/k2-pak-d-o-o-2\/\">Bulk manufacturing<\/a><\/span>\n        <\/div>\n\n \n\n        <div class=\"rt-show-project\">\n          <div class=\"rt-show-project-link\">\n            <a href=\"https:\/\/sinaproiiot.com\/en\/portfolio\/k2-pak-d-o-o-2\/\">\n              Show case <\/a>\n          <\/div>\n        <\/div>\n      <\/div>\n    <\/div><div class=\"rt-portfolio-box-item holder col-md-4  procesna-industrija\">\n      \n\n\n      <div class=\"pic\">\n        \n        \n        <div class=\"product-image\">\n\n<a href=\"https:\/\/sinaproiiot.com\/en\/portfolio\/calcit\/\"><img decoding=\"async\" src=\"https:\/\/sinaproiiot.com\/wp-content\/uploads\/2023\/08\/calcit-logo-1-e1692787649652.jpg\" \/> <\/a>\n<\/div>\n        \n        <a class=\"overlay\" href=\"https:\/\/sinaproiiot.com\/en\/portfolio\/calcit\/\"><\/a>\n      <\/div>\n      <div class=\"rt-portfolio-item-details\">\n        <h6><a href=\"https:\/\/sinaproiiot.com\/en\/portfolio\/calcit\/\">Calcit d.o.o.<\/a><\/h6>\n        <div class=\"rt-category-holder\">\n          <span class=\"rt-category\"><a href=\"https:\/\/sinaproiiot.com\/en\/portfolio\/calcit\/\">Process manufacturing<\/a><\/span>\n        <\/div>\n\n \n\n        <div class=\"rt-show-project\">\n          <div class=\"rt-show-project-link\">\n            <a href=\"https:\/\/sinaproiiot.com\/en\/portfolio\/calcit\/\">\n              Show case <\/a>\n          <\/div>\n        <\/div>\n      <\/div>\n    <\/div><div class=\"rt-portfolio-box-item holder col-md-4  procesna-industrija\">\n      \n\n\n      <div class=\"pic\">\n        \n        \n        <div class=\"product-image\">\n\n<a href=\"https:\/\/sinaproiiot.com\/en\/portfolio\/cinkarna-celje\/\"><img decoding=\"async\" src=\"https:\/\/sinaproiiot.com\/wp-content\/uploads\/2023\/08\/1053678-e1692789030809.jpg\" \/> <\/a>\n<\/div>\n        \n        <a class=\"overlay\" href=\"https:\/\/sinaproiiot.com\/en\/portfolio\/cinkarna-celje\/\"><\/a>\n      <\/div>\n      <div class=\"rt-portfolio-item-details\">\n        <h6><a href=\"https:\/\/sinaproiiot.com\/en\/portfolio\/cinkarna-celje\/\">CINKARNA Celje, d.d.<\/a><\/h6>\n        <div class=\"rt-category-holder\">\n          <span class=\"rt-category\"><a href=\"https:\/\/sinaproiiot.com\/en\/portfolio\/cinkarna-celje\/\">Process manufacturing<\/a><\/span>\n        <\/div>\n\n \n\n        <div class=\"rt-show-project\">\n          <div class=\"rt-show-project-link\">\n            <a href=\"https:\/\/sinaproiiot.com\/en\/portfolio\/cinkarna-celje\/\">\n              Show case <\/a>\n          <\/div>\n        <\/div>\n      <\/div>\n    <\/div><div class=\"rt-portfolio-box-item holder col-md-4  procesna-industrija\">\n      \n\n\n      <div class=\"pic\">\n        \n        \n        <div class=\"product-image\">\n\n<a href=\"https:\/\/sinaproiiot.com\/en\/portfolio\/belinka-perkemija\/\"><img decoding=\"async\" src=\"https:\/\/sinaproiiot.com\/wp-content\/uploads\/2023\/08\/tema-belinka_display-640x405-3-e1692865140985.jpg\" \/> <\/a>\n<\/div>\n        \n        <a class=\"overlay\" href=\"https:\/\/sinaproiiot.com\/en\/portfolio\/belinka-perkemija\/\"><\/a>\n      <\/div>\n      <div class=\"rt-portfolio-item-details\">\n        <h6><a href=\"https:\/\/sinaproiiot.com\/en\/portfolio\/belinka-perkemija\/\">BELINKA PERKEMIJA, d.o.o.<\/a><\/h6>\n        <div class=\"rt-category-holder\">\n          <span class=\"rt-category\"><a href=\"https:\/\/sinaproiiot.com\/en\/portfolio\/belinka-perkemija\/\">Process manufacturing<\/a><\/span>\n        <\/div>\n\n \n\n        <div class=\"rt-show-project\">\n          <div class=\"rt-show-project-link\">\n            <a href=\"https:\/\/sinaproiiot.com\/en\/portfolio\/belinka-perkemija\/\">\n              Show case <\/a>\n          <\/div>\n        <\/div>\n      <\/div>\n    <\/div><div class=\"rt-portfolio-box-item holder col-md-4  procesna-industrija\">\n      \n\n\n      <div class=\"pic\">\n        \n        \n        <div class=\"product-image\">\n\n<a href=\"https:\/\/sinaproiiot.com\/en\/portfolio\/industrija-apna-kresnice\/\"><img decoding=\"async\" src=\"https:\/\/sinaproiiot.com\/wp-content\/uploads\/2023\/08\/lasten-prevoz-e1692859887753.jpg\" \/> <\/a>\n<\/div>\n        \n        <a class=\"overlay\" href=\"https:\/\/sinaproiiot.com\/en\/portfolio\/industrija-apna-kresnice\/\"><\/a>\n      <\/div>\n      <div class=\"rt-portfolio-item-details\">\n        <h6><a href=\"https:\/\/sinaproiiot.com\/en\/portfolio\/industrija-apna-kresnice\/\">IAK d.o.o.<\/a><\/h6>\n        <div class=\"rt-category-holder\">\n          <span class=\"rt-category\"><a href=\"https:\/\/sinaproiiot.com\/en\/portfolio\/industrija-apna-kresnice\/\">Process manufacturing<\/a><\/span>\n        <\/div>\n\n \n\n        <div class=\"rt-show-project\">\n          <div class=\"rt-show-project-link\">\n            <a href=\"https:\/\/sinaproiiot.com\/en\/portfolio\/industrija-apna-kresnice\/\">\n              Show case <\/a>\n          <\/div>\n        <\/div>\n      <\/div>\n    <\/div><div class=\"rt-portfolio-box-item holder col-md-4  procesna-industrija\">\n      \n\n\n      <div class=\"pic\">\n        \n        \n        <div class=\"product-image\">\n\n<a href=\"https:\/\/sinaproiiot.com\/en\/portfolio\/termoelektrarna-sostanj\/\"><img decoding=\"async\" src=\"https:\/\/sinaproiiot.com\/wp-content\/uploads\/2023\/08\/DR0A0250_lowRes-1-e1692863615489.jpg\" \/> <\/a>\n<\/div>\n        \n        <a class=\"overlay\" href=\"https:\/\/sinaproiiot.com\/en\/portfolio\/termoelektrarna-sostanj\/\"><\/a>\n      <\/div>\n      <div class=\"rt-portfolio-item-details\">\n        <h6><a href=\"https:\/\/sinaproiiot.com\/en\/portfolio\/termoelektrarna-sostanj\/\">TE\u0160 d.o.o.<\/a><\/h6>\n        <div class=\"rt-category-holder\">\n          <span class=\"rt-category\"><a href=\"https:\/\/sinaproiiot.com\/en\/portfolio\/termoelektrarna-sostanj\/\">Process manufacturing<\/a><\/span>\n        <\/div>\n\n \n\n        <div class=\"rt-show-project\">\n          <div class=\"rt-show-project-link\">\n            <a href=\"https:\/\/sinaproiiot.com\/en\/portfolio\/termoelektrarna-sostanj\/\">\n              Show case <\/a>\n          <\/div>\n        <\/div>\n      <\/div>\n    <\/div><div class=\"rt-portfolio-box-item holder col-md-4  procesna-industrija\">\n      \n\n\n      <div class=\"pic\">\n        \n        \n        <div class=\"product-image\">\n\n<a href=\"https:\/\/sinaproiiot.com\/en\/portfolio\/skupina-kansai-helios\/\"><img decoding=\"async\" src=\"https:\/\/sinaproiiot.com\/wp-content\/uploads\/2024\/03\/Helios-slika-1.png\" \/> <\/a>\n<\/div>\n        \n        <a class=\"overlay\" href=\"https:\/\/sinaproiiot.com\/en\/portfolio\/skupina-kansai-helios\/\"><\/a>\n      <\/div>\n      <div class=\"rt-portfolio-item-details\">\n        <h6><a href=\"https:\/\/sinaproiiot.com\/en\/portfolio\/skupina-kansai-helios\/\">Skupina Kansai Helios<\/a><\/h6>\n        <div class=\"rt-category-holder\">\n          <span class=\"rt-category\"><a href=\"https:\/\/sinaproiiot.com\/en\/portfolio\/skupina-kansai-helios\/\">Process manufacturing<\/a><\/span>\n        <\/div>\n\n \n\n        <div class=\"rt-show-project\">\n          <div class=\"rt-show-project-link\">\n            <a href=\"https:\/\/sinaproiiot.com\/en\/portfolio\/skupina-kansai-helios\/\">\n              Show case <\/a>\n          <\/div>\n        <\/div>\n      <\/div>\n    <\/div><\/div>\t\t\t\t<\/div>\n\t\t\t\t<\/div>\n\t\t\t\t<div class=\"elementor-element elementor-element-59692d8 elementor-widget elementor-widget-spacer\" data-id=\"59692d8\" data-element_type=\"widget\" data-widget_type=\"spacer.default\">\n\t\t\t\t<div class=\"elementor-widget-container\">\n\t\t\t\t\t<div class=\"elementor-spacer\">\n\t\t\t<div class=\"elementor-spacer-inner\"><\/div>\n\t\t<\/div>\n\t\t\t\t<\/div>\n\t\t\t\t<\/div>\n\t\t\t\t\t<\/div>\n\t\t<\/div>\n\t\t\t\t\t\t\t<\/div>\n\t\t<\/section>\n\t\t\t\t\t\t<\/div>\n\t\t\t\t\t<\/div>","protected":false},"excerpt":{"rendered":"<p>Vse skupine 2\/Kosovna proizvodnja 2 Livar Kosovna proizvodnja Prika\u017ei primer Difa Kosovna proizvodnja Prika\u017ei primer TIK d.o.o. Kosovna proizvodnja Prika\u017ei primer KANSAI HELIOS Kosovna proizvodnja Prika\u017ei primer JUB Kosovna proizvodnja Prika\u017ei primer<\/p>","protected":false},"author":1,"featured_media":48853,"parent":0,"menu_order":0,"comment_status":"closed","ping_status":"closed","template":"","meta":{"footnotes":""},"class_list":["post-36384","page","type-page","status-publish","has-post-thumbnail","hentry"],"acf":[],"yoast_head":"<!-- This site is optimized with the Yoast SEO plugin v18.2 - https:\/\/yoast.com\/wordpress\/plugins\/seo\/ -->\n<title>Uspe\u0161ni primeri digitalne transformacije proizvodnje<\/title>\n<meta name=\"description\" content=\"V razli\u010dne sisteme vodenja proizvodnje in implementacije MES ter IIoT sisteme smo integrirali \u017ee preko 1 milijon signalov.\" \/>\n<meta name=\"robots\" content=\"index, follow, max-snippet:-1, max-image-preview:large, max-video-preview:-1\" \/>\n<link rel=\"canonical\" href=\"https:\/\/sinaproiiot.com\/en\/portfolio\/\" \/>\n<meta property=\"og:locale\" content=\"en_US\" \/>\n<meta property=\"og:type\" content=\"article\" \/>\n<meta property=\"og:title\" content=\"Uspe\u0161ni primeri digitalne transformacije proizvodnje\" \/>\n<meta property=\"og:description\" content=\"V razli\u010dne sisteme vodenja proizvodnje in implementacije MES ter IIoT sisteme smo integrirali \u017ee preko 1 milijon signalov.\" \/>\n<meta property=\"og:url\" content=\"https:\/\/sinaproiiot.com\/en\/portfolio\/\" \/>\n<meta property=\"og:site_name\" content=\"Sinapro IIoT - Digitalne re\u0161itve za tovarne prihodnosti\" \/>\n<meta property=\"article:modified_time\" content=\"2022-02-25T11:46:35+00:00\" \/>\n<meta property=\"og:image\" content=\"https:\/\/sinaproiiot.com\/wp-content\/uploads\/2021\/10\/studije_uporabe.jpg\" \/>\n\t<meta property=\"og:image:width\" content=\"1366\" \/>\n\t<meta property=\"og:image:height\" content=\"310\" \/>\n\t<meta property=\"og:image:type\" content=\"image\/jpeg\" \/>\n<meta name=\"twitter:card\" content=\"summary_large_image\" \/>\n<script type=\"application\/ld+json\" class=\"yoast-schema-graph\">{\"@context\":\"https:\/\/schema.org\",\"@graph\":[{\"@type\":\"Organization\",\"@id\":\"https:\/\/sinaproiiot.com\/#organization\",\"name\":\"Kolektor Sisteh d.o.o.\",\"url\":\"https:\/\/sinaproiiot.com\/\",\"sameAs\":[],\"logo\":{\"@type\":\"ImageObject\",\"@id\":\"https:\/\/sinaproiiot.com\/#logo\",\"inLanguage\":\"en-US\",\"url\":\"https:\/\/sinaproiiot.com\/wp-content\/uploads\/2021\/03\/logo_kolektor_sisteh_blue.png\",\"contentUrl\":\"https:\/\/sinaproiiot.com\/wp-content\/uploads\/2021\/03\/logo_kolektor_sisteh_blue.png\",\"width\":470,\"height\":35,\"caption\":\"Kolektor Sisteh d.o.o.\"},\"image\":{\"@id\":\"https:\/\/sinaproiiot.com\/#logo\"}},{\"@type\":\"WebSite\",\"@id\":\"https:\/\/sinaproiiot.com\/#website\",\"url\":\"https:\/\/sinaproiiot.com\/\",\"name\":\"Sinapro IIoT - Digitalne re\u0161itve za tovarne prihodnosti\",\"description\":\"The future of industry\",\"publisher\":{\"@id\":\"https:\/\/sinaproiiot.com\/#organization\"},\"potentialAction\":[{\"@type\":\"SearchAction\",\"target\":{\"@type\":\"EntryPoint\",\"urlTemplate\":\"https:\/\/sinaproiiot.com\/?s={search_term_string}\"},\"query-input\":\"required name=search_term_string\"}],\"inLanguage\":\"en-US\"},{\"@type\":\"ImageObject\",\"@id\":\"https:\/\/sinaproiiot.com\/portfolio\/#primaryimage\",\"inLanguage\":\"en-US\",\"url\":\"https:\/\/sinaproiiot.com\/wp-content\/uploads\/2021\/10\/studije_uporabe.jpg\",\"contentUrl\":\"https:\/\/sinaproiiot.com\/wp-content\/uploads\/2021\/10\/studije_uporabe.jpg\",\"width\":1366,\"height\":310},{\"@type\":\"WebPage\",\"@id\":\"https:\/\/sinaproiiot.com\/portfolio\/#webpage\",\"url\":\"https:\/\/sinaproiiot.com\/portfolio\/\",\"name\":\"Uspe\u0161ni primeri digitalne transformacije proizvodnje\",\"isPartOf\":{\"@id\":\"https:\/\/sinaproiiot.com\/#website\"},\"primaryImageOfPage\":{\"@id\":\"https:\/\/sinaproiiot.com\/portfolio\/#primaryimage\"},\"datePublished\":\"2020-12-10T06:16:25+00:00\",\"dateModified\":\"2022-02-25T11:46:35+00:00\",\"description\":\"V razli\u010dne sisteme vodenja proizvodnje in implementacije MES ter IIoT sisteme smo integrirali \u017ee preko 1 milijon signalov.\",\"breadcrumb\":{\"@id\":\"https:\/\/sinaproiiot.com\/portfolio\/#breadcrumb\"},\"inLanguage\":\"en-US\",\"potentialAction\":[{\"@type\":\"ReadAction\",\"target\":[\"https:\/\/sinaproiiot.com\/portfolio\/\"]}]},{\"@type\":\"BreadcrumbList\",\"@id\":\"https:\/\/sinaproiiot.com\/portfolio\/#breadcrumb\",\"itemListElement\":[{\"@type\":\"ListItem\",\"position\":1,\"name\":\"Domov\",\"item\":\"https:\/\/sinaproiiot.com\/\"},{\"@type\":\"ListItem\",\"position\":2,\"name\":\"Dobre prakse\"}]}]}<\/script>\n<!-- \/ Yoast SEO plugin. -->","yoast_head_json":{"title":"Uspe\u0161ni primeri digitalne transformacije proizvodnje","description":"V razli\u010dne sisteme vodenja proizvodnje in implementacije MES ter IIoT sisteme smo integrirali \u017ee preko 1 milijon signalov.","robots":{"index":"index","follow":"follow","max-snippet":"max-snippet:-1","max-image-preview":"max-image-preview:large","max-video-preview":"max-video-preview:-1"},"canonical":"https:\/\/sinaproiiot.com\/en\/portfolio\/","og_locale":"en_US","og_type":"article","og_title":"Uspe\u0161ni primeri digitalne transformacije proizvodnje","og_description":"V razli\u010dne sisteme vodenja proizvodnje in implementacije MES ter IIoT sisteme smo integrirali \u017ee preko 1 milijon signalov.","og_url":"https:\/\/sinaproiiot.com\/en\/portfolio\/","og_site_name":"Sinapro IIoT - Digitalne re\u0161itve za tovarne prihodnosti","article_modified_time":"2022-02-25T11:46:35+00:00","og_image":[{"width":1366,"height":310,"url":"https:\/\/sinaproiiot.com\/wp-content\/uploads\/2021\/10\/studije_uporabe.jpg","type":"image\/jpeg"}],"twitter_card":"summary_large_image","schema":{"@context":"https:\/\/schema.org","@graph":[{"@type":"Organization","@id":"https:\/\/sinaproiiot.com\/#organization","name":"Kolektor Sisteh d.o.o.","url":"https:\/\/sinaproiiot.com\/","sameAs":[],"logo":{"@type":"ImageObject","@id":"https:\/\/sinaproiiot.com\/#logo","inLanguage":"en-US","url":"https:\/\/sinaproiiot.com\/wp-content\/uploads\/2021\/03\/logo_kolektor_sisteh_blue.png","contentUrl":"https:\/\/sinaproiiot.com\/wp-content\/uploads\/2021\/03\/logo_kolektor_sisteh_blue.png","width":470,"height":35,"caption":"Kolektor Sisteh d.o.o."},"image":{"@id":"https:\/\/sinaproiiot.com\/#logo"}},{"@type":"WebSite","@id":"https:\/\/sinaproiiot.com\/#website","url":"https:\/\/sinaproiiot.com\/","name":"Sinapro IIoT - Digitalne re\u0161itve za tovarne prihodnosti","description":"The future of industry","publisher":{"@id":"https:\/\/sinaproiiot.com\/#organization"},"potentialAction":[{"@type":"SearchAction","target":{"@type":"EntryPoint","urlTemplate":"https:\/\/sinaproiiot.com\/?s={search_term_string}"},"query-input":"required name=search_term_string"}],"inLanguage":"en-US"},{"@type":"ImageObject","@id":"https:\/\/sinaproiiot.com\/portfolio\/#primaryimage","inLanguage":"en-US","url":"https:\/\/sinaproiiot.com\/wp-content\/uploads\/2021\/10\/studije_uporabe.jpg","contentUrl":"https:\/\/sinaproiiot.com\/wp-content\/uploads\/2021\/10\/studije_uporabe.jpg","width":1366,"height":310},{"@type":"WebPage","@id":"https:\/\/sinaproiiot.com\/portfolio\/#webpage","url":"https:\/\/sinaproiiot.com\/portfolio\/","name":"Uspe\u0161ni primeri digitalne transformacije proizvodnje","isPartOf":{"@id":"https:\/\/sinaproiiot.com\/#website"},"primaryImageOfPage":{"@id":"https:\/\/sinaproiiot.com\/portfolio\/#primaryimage"},"datePublished":"2020-12-10T06:16:25+00:00","dateModified":"2022-02-25T11:46:35+00:00","description":"V razli\u010dne sisteme vodenja proizvodnje in implementacije MES ter IIoT sisteme smo integrirali \u017ee preko 1 milijon signalov.","breadcrumb":{"@id":"https:\/\/sinaproiiot.com\/portfolio\/#breadcrumb"},"inLanguage":"en-US","potentialAction":[{"@type":"ReadAction","target":["https:\/\/sinaproiiot.com\/portfolio\/"]}]},{"@type":"BreadcrumbList","@id":"https:\/\/sinaproiiot.com\/portfolio\/#breadcrumb","itemListElement":[{"@type":"ListItem","position":1,"name":"Domov","item":"https:\/\/sinaproiiot.com\/"},{"@type":"ListItem","position":2,"name":"Dobre prakse"}]}]}},"_links":{"self":[{"href":"https:\/\/sinaproiiot.com\/en\/wp-json\/wp\/v2\/pages\/36384","targetHints":{"allow":["GET"]}}],"collection":[{"href":"https:\/\/sinaproiiot.com\/en\/wp-json\/wp\/v2\/pages"}],"about":[{"href":"https:\/\/sinaproiiot.com\/en\/wp-json\/wp\/v2\/types\/page"}],"author":[{"embeddable":true,"href":"https:\/\/sinaproiiot.com\/en\/wp-json\/wp\/v2\/users\/1"}],"replies":[{"embeddable":true,"href":"https:\/\/sinaproiiot.com\/en\/wp-json\/wp\/v2\/comments?post=36384"}],"version-history":[{"count":5,"href":"https:\/\/sinaproiiot.com\/en\/wp-json\/wp\/v2\/pages\/36384\/revisions"}],"predecessor-version":[{"id":54010,"href":"https:\/\/sinaproiiot.com\/en\/wp-json\/wp\/v2\/pages\/36384\/revisions\/54010"}],"wp:featuredmedia":[{"embeddable":true,"href":"https:\/\/sinaproiiot.com\/en\/wp-json\/wp\/v2\/media\/48853"}],"wp:attachment":[{"href":"https:\/\/sinaproiiot.com\/en\/wp-json\/wp\/v2\/media?parent=36384"}],"curies":[{"name":"wp","href":"https:\/\/api.w.org\/{rel}","templated":true}]}}