{"id":48911,"date":"2021-10-05T16:00:44","date_gmt":"2021-10-05T14:00:44","guid":{"rendered":"https:\/\/sinaproiiot.com\/?page_id=48911"},"modified":"2022-02-28T13:41:35","modified_gmt":"2022-02-28T12:41:35","slug":"podpora","status":"publish","type":"page","link":"https:\/\/sinaproiiot.com\/en\/podpora\/","title":{"rendered":"Support"},"content":{"rendered":"<div data-elementor-type=\"wp-page\" data-elementor-id=\"48911\" class=\"elementor elementor-48911\" data-elementor-settings=\"[]\">\n\t\t\t\t\t\t\t<div class=\"elementor-section-wrap\">\n\t\t\t\t\t\t\t<section class=\"elementor-section elementor-top-section elementor-element elementor-element-116ec30 rt-start-banner1 elementor-section-boxed elementor-section-height-default elementor-section-height-default elementor-invisible\" data-id=\"116ec30\" data-element_type=\"section\" data-settings=\"{&quot;animation&quot;:&quot;fadeInUp&quot;,&quot;animation_delay&quot;:200}\">\n\t\t\t\t\t\t<div class=\"elementor-container elementor-column-gap-default\">\n\t\t\t\t\t<div class=\"elementor-column elementor-col-100 elementor-top-column elementor-element elementor-element-7a29006\" data-id=\"7a29006\" data-element_type=\"column\">\n\t\t\t<div class=\"elementor-widget-wrap elementor-element-populated\">\n\t\t\t\t\t\t\t\t<section class=\"elementor-section elementor-inner-section elementor-element elementor-element-aff5778 elementor-section-boxed elementor-section-height-default elementor-section-height-default\" data-id=\"aff5778\" data-element_type=\"section\" data-settings=\"{&quot;background_background&quot;:&quot;classic&quot;}\">\n\t\t\t\t\t\t<div class=\"elementor-container elementor-column-gap-default\">\n\t\t\t\t\t<div class=\"elementor-column elementor-col-50 elementor-inner-column elementor-element elementor-element-0f9f0fb\" data-id=\"0f9f0fb\" data-element_type=\"column\">\n\t\t\t<div class=\"elementor-widget-wrap elementor-element-populated\">\n\t\t\t\t\t\t\t\t<div class=\"elementor-element elementor-element-da69d8f elementor-invisible elementor-widget elementor-widget-heading\" data-id=\"da69d8f\" data-element_type=\"widget\" data-settings=\"{&quot;_animation&quot;:&quot;fadeInUp&quot;,&quot;_animation_delay&quot;:200}\" data-widget_type=\"heading.default\">\n\t\t\t\t<div class=\"elementor-widget-container\">\n\t\t\t<h5 class=\"elementor-heading-title elementor-size-default\">Need access to the Support Centre?<\/h5>\t\t<\/div>\n\t\t\t\t<\/div>\n\t\t\t\t<div class=\"elementor-element elementor-element-029487a elementor-invisible elementor-widget elementor-widget-text-editor\" data-id=\"029487a\" data-element_type=\"widget\" data-settings=\"{&quot;_animation&quot;:&quot;fadeInUp&quot;,&quot;_animation_delay&quot;:400}\" data-widget_type=\"text-editor.default\">\n\t\t\t\t<div class=\"elementor-widget-container\">\n\t\t\t\t\t\t\t<p>The Support Centre is the support portal for all our solutions. It's easy to use and brings everything you need in one place.<\/p>\t\t\t\t\t\t<\/div>\n\t\t\t\t<\/div>\n\t\t\t\t\t<\/div>\n\t\t<\/div>\n\t\t\t\t<div class=\"elementor-column elementor-col-50 elementor-inner-column elementor-element elementor-element-c1c1203\" data-id=\"c1c1203\" data-element_type=\"column\">\n\t\t\t<div class=\"elementor-widget-wrap elementor-element-populated\">\n\t\t\t\t\t\t\t\t<div class=\"elementor-element elementor-element-9c05cab animated fadeInUp elementor-invisible elementor-widget elementor-widget-radiant-custom-button\" data-id=\"9c05cab\" data-element_type=\"widget\" data-settings=\"{&quot;_animation&quot;:&quot;fadeInUp&quot;,&quot;_animation_delay&quot;:400}\" data-widget_type=\"radiant-custom-button.default\">\n\t\t\t\t<div class=\"elementor-widget-container\">\n\t\t\t<div class=\"radiantthemes-custom-button element-one hover-style-five fadeInUp\" data-button-direction=\"center\" data-button-fullwidth=\"false\" ><a class=\"radiantthemes-custom-button-main\" href=\"https:\/\/helpdesk.kolektorsisteh.com\/\"  target=\"_blank\" rel=\"nofollow\" ><div class=\"placeholder\">Support Centre<\/div><\/a><\/div>\t\t<\/div>\n\t\t\t\t<\/div>\n\t\t\t\t\t<\/div>\n\t\t<\/div>\n\t\t\t\t\t\t\t<\/div>\n\t\t<\/section>\n\t\t\t\t\t<\/div>\n\t\t<\/div>\n\t\t\t\t\t\t\t<\/div>\n\t\t<\/section>\n\t\t\t\t<section class=\"elementor-section elementor-top-section elementor-element elementor-element-da590b5 elementor-section-boxed elementor-section-height-default elementor-section-height-default\" data-id=\"da590b5\" data-element_type=\"section\" data-settings=\"{&quot;background_background&quot;:&quot;classic&quot;}\">\n\t\t\t\t\t\t\t<div class=\"elementor-background-overlay\"><\/div>\n\t\t\t\t\t\t\t<div class=\"elementor-container elementor-column-gap-default\">\n\t\t\t\t\t<div class=\"elementor-column elementor-col-100 elementor-top-column elementor-element elementor-element-dc1437c\" data-id=\"dc1437c\" data-element_type=\"column\">\n\t\t\t<div class=\"elementor-widget-wrap elementor-element-populated\">\n\t\t\t\t\t\t\t\t<div class=\"elementor-element elementor-element-93933d3 elementor-widget elementor-widget-spacer\" data-id=\"93933d3\" data-element_type=\"widget\" data-widget_type=\"spacer.default\">\n\t\t\t\t<div class=\"elementor-widget-container\">\n\t\t\t\t\t<div class=\"elementor-spacer\">\n\t\t\t<div class=\"elementor-spacer-inner\"><\/div>\n\t\t<\/div>\n\t\t\t\t<\/div>\n\t\t\t\t<\/div>\n\t\t\t\t<div class=\"elementor-element elementor-element-d6bce9d elementor-widget elementor-widget-text-editor\" data-id=\"d6bce9d\" data-element_type=\"widget\" data-widget_type=\"text-editor.default\">\n\t\t\t\t<div class=\"elementor-widget-container\">\n\t\t\t\t\t\t\tAlways available\t\t\t\t\t\t<\/div>\n\t\t\t\t<\/div>\n\t\t\t\t<section class=\"elementor-section elementor-inner-section elementor-element elementor-element-651cd25 elementor-section-boxed elementor-section-height-default elementor-section-height-default\" data-id=\"651cd25\" data-element_type=\"section\">\n\t\t\t\t\t\t<div class=\"elementor-container elementor-column-gap-default\">\n\t\t\t\t\t<div class=\"elementor-column elementor-col-50 elementor-inner-column elementor-element elementor-element-c07a9a0\" data-id=\"c07a9a0\" data-element_type=\"column\">\n\t\t\t<div class=\"elementor-widget-wrap elementor-element-populated\">\n\t\t\t\t\t\t\t\t<div class=\"elementor-element elementor-element-93f62c6 elementor-widget elementor-widget-spacer\" data-id=\"93f62c6\" data-element_type=\"widget\" data-widget_type=\"spacer.default\">\n\t\t\t\t<div class=\"elementor-widget-container\">\n\t\t\t\t\t<div class=\"elementor-spacer\">\n\t\t\t<div class=\"elementor-spacer-inner\"><\/div>\n\t\t<\/div>\n\t\t\t\t<\/div>\n\t\t\t\t<\/div>\n\t\t\t\t<div class=\"elementor-element elementor-element-5aca821 elementor-widget elementor-widget-text-editor\" data-id=\"5aca821\" data-element_type=\"widget\" data-widget_type=\"text-editor.default\">\n\t\t\t\t<div class=\"elementor-widget-container\">\n\t\t\t\t\t\t\t<h5><span style=\"color: #ffffff;\">We have over 30 employees providing daily maintenance, service repairs and customer support. Based on 30 years of experience in various manufacturing companies and infrastructure facilities, we provide you with expert support to maintain your systems.<\/span><\/h5>\t\t\t\t\t\t<\/div>\n\t\t\t\t<\/div>\n\t\t\t\t\t<\/div>\n\t\t<\/div>\n\t\t\t\t<div class=\"elementor-column elementor-col-50 elementor-inner-column elementor-element elementor-element-c10ba6e\" data-id=\"c10ba6e\" data-element_type=\"column\">\n\t\t\t<div class=\"elementor-widget-wrap elementor-element-populated\">\n\t\t\t\t\t\t\t\t<div class=\"elementor-element elementor-element-a03ef9c elementor-widget elementor-widget-image\" data-id=\"a03ef9c\" data-element_type=\"widget\" data-widget_type=\"image.default\">\n\t\t\t\t<div class=\"elementor-widget-container\">\n\t\t\t\t\t\t\t\t\t\t\t\t\t\t\t<img loading=\"lazy\" decoding=\"async\" width=\"1008\" height=\"595\" src=\"https:\/\/sinaproiiot.com\/wp-content\/uploads\/2022\/02\/podpora-1.png\" class=\"attachment-large size-large\" alt=\"\" srcset=\"https:\/\/sinaproiiot.com\/wp-content\/uploads\/2022\/02\/podpora-1.png 1008w, https:\/\/sinaproiiot.com\/wp-content\/uploads\/2022\/02\/podpora-1-300x177.png 300w, https:\/\/sinaproiiot.com\/wp-content\/uploads\/2022\/02\/podpora-1-768x453.png 768w, https:\/\/sinaproiiot.com\/wp-content\/uploads\/2022\/02\/podpora-1-600x354.png 600w\" sizes=\"auto, (max-width: 1008px) 100vw, 1008px\" \/>\t\t\t\t\t\t\t\t\t\t\t\t\t\t\t<\/div>\n\t\t\t\t<\/div>\n\t\t\t\t\t<\/div>\n\t\t<\/div>\n\t\t\t\t\t\t\t<\/div>\n\t\t<\/section>\n\t\t\t\t<div class=\"elementor-element elementor-element-cf597bd elementor-widget elementor-widget-spacer\" data-id=\"cf597bd\" data-element_type=\"widget\" data-widget_type=\"spacer.default\">\n\t\t\t\t<div class=\"elementor-widget-container\">\n\t\t\t\t\t<div class=\"elementor-spacer\">\n\t\t\t<div class=\"elementor-spacer-inner\"><\/div>\n\t\t<\/div>\n\t\t\t\t<\/div>\n\t\t\t\t<\/div>\n\t\t\t\t\t<\/div>\n\t\t<\/div>\n\t\t\t\t\t\t\t<\/div>\n\t\t<\/section>\n\t\t\t\t<section class=\"elementor-section elementor-top-section elementor-element elementor-element-0d0c4ea elementor-section-stretched hide_under_width elementor-section-boxed elementor-section-height-default elementor-section-height-default\" data-id=\"0d0c4ea\" data-element_type=\"section\" data-settings=\"{&quot;stretch_section&quot;:&quot;section-stretched&quot;,&quot;background_background&quot;:&quot;classic&quot;}\">\n\t\t\t\t\t\t\t<div class=\"elementor-background-overlay\"><\/div>\n\t\t\t\t\t\t\t<div class=\"elementor-container elementor-column-gap-default\">\n\t\t\t\t\t<div class=\"elementor-column elementor-col-100 elementor-top-column elementor-element elementor-element-6204493\" data-id=\"6204493\" data-element_type=\"column\">\n\t\t\t<div class=\"elementor-widget-wrap elementor-element-populated\">\n\t\t\t\t\t\t\t\t<div class=\"elementor-element elementor-element-0d4d7ac elementor-widget__width-initial elementor-absolute elementor-hidden-phone elementor-invisible elementor-widget elementor-widget-image\" data-id=\"0d4d7ac\" data-element_type=\"widget\" data-settings=\"{&quot;_position&quot;:&quot;absolute&quot;,&quot;_animation&quot;:&quot;fadeInRight&quot;,&quot;_animation_delay&quot;:1600}\" data-widget_type=\"image.default\">\n\t\t\t\t<div class=\"elementor-widget-container\">\n\t\t\t\t\t\t\t\t\t\t\t\t\t\t\t<img loading=\"lazy\" decoding=\"async\" width=\"192\" height=\"166\" src=\"https:\/\/sinaproiiot.com\/wp-content\/uploads\/2020\/09\/22.png\" class=\"attachment-full size-full\" alt=\"img22\" \/>\t\t\t\t\t\t\t\t\t\t\t\t\t\t\t<\/div>\n\t\t\t\t<\/div>\n\t\t\t\t<div class=\"elementor-element elementor-element-bc1d089 elementor-widget elementor-widget-spacer\" data-id=\"bc1d089\" data-element_type=\"widget\" data-widget_type=\"spacer.default\">\n\t\t\t\t<div class=\"elementor-widget-container\">\n\t\t\t\t\t<div class=\"elementor-spacer\">\n\t\t\t<div class=\"elementor-spacer-inner\"><\/div>\n\t\t<\/div>\n\t\t\t\t<\/div>\n\t\t\t\t<\/div>\n\t\t\t\t<section class=\"elementor-section elementor-inner-section elementor-element elementor-element-68bd2a5 elementor-section-boxed elementor-section-height-default elementor-section-height-default\" data-id=\"68bd2a5\" data-element_type=\"section\" data-settings=\"{&quot;background_background&quot;:&quot;classic&quot;}\">\n\t\t\t\t\t\t<div class=\"elementor-container elementor-column-gap-default\">\n\t\t\t\t\t<div class=\"elementor-column elementor-col-50 elementor-inner-column elementor-element elementor-element-1d67859\" data-id=\"1d67859\" data-element_type=\"column\">\n\t\t\t<div class=\"elementor-widget-wrap elementor-element-populated\">\n\t\t\t\t\t\t\t\t<section class=\"elementor-section elementor-inner-section elementor-element elementor-element-cc535f7 elementor-section-boxed elementor-section-height-default elementor-section-height-default\" data-id=\"cc535f7\" data-element_type=\"section\" data-settings=\"{&quot;background_background&quot;:&quot;classic&quot;}\">\n\t\t\t\t\t\t<div class=\"elementor-container elementor-column-gap-default\">\n\t\t\t\t\t<div class=\"elementor-column elementor-col-100 elementor-inner-column elementor-element elementor-element-9bae4c9 rt-get-in-touch-form\" data-id=\"9bae4c9\" data-element_type=\"column\" data-settings=\"{&quot;background_background&quot;:&quot;gradient&quot;}\">\n\t\t\t<div class=\"elementor-widget-wrap elementor-element-populated\">\n\t\t\t\t\t\t\t\t<div class=\"elementor-element elementor-element-0f86cab rt-particle-moving-2 elementor-widget__width-initial elementor-absolute elementor-widget elementor-widget-image\" data-id=\"0f86cab\" data-element_type=\"widget\" data-settings=\"{&quot;_position&quot;:&quot;absolute&quot;}\" data-widget_type=\"image.default\">\n\t\t\t\t<div class=\"elementor-widget-container\">\n\t\t\t\t\t\t\t\t\t\t\t\t\t\t\t<img loading=\"lazy\" decoding=\"async\" width=\"29\" height=\"31\" src=\"https:\/\/sinaproiiot.com\/wp-content\/uploads\/2020\/10\/Home5-15.png\" class=\"attachment-large size-large\" alt=\"triangle1\" \/>\t\t\t\t\t\t\t\t\t\t\t\t\t\t\t<\/div>\n\t\t\t\t<\/div>\n\t\t\t\t<div class=\"elementor-element elementor-element-479215a elementor-invisible elementor-widget elementor-widget-heading\" data-id=\"479215a\" data-element_type=\"widget\" data-settings=\"{&quot;_animation&quot;:&quot;fadeInUp&quot;,&quot;_animation_delay&quot;:200}\" data-widget_type=\"heading.default\">\n\t\t\t\t<div class=\"elementor-widget-container\">\n\t\t\t<h5 class=\"elementor-heading-title elementor-size-default\">We are happy to help.<\/h5>\t\t<\/div>\n\t\t\t\t<\/div>\n\t\t\t\t<div class=\"elementor-element elementor-element-9acf91a elementor-invisible elementor-widget elementor-widget-heading\" data-id=\"9acf91a\" data-element_type=\"widget\" data-settings=\"{&quot;_animation&quot;:&quot;fadeInUp&quot;,&quot;_animation_delay&quot;:400}\" data-widget_type=\"heading.default\">\n\t\t\t\t<div class=\"elementor-widget-container\">\n\t\t\t<h3 class=\"elementor-heading-title elementor-size-default\"><b>Get in touch<\/b><\/h3>\t\t<\/div>\n\t\t\t\t<\/div>\n\t\t\t\t<div class=\"elementor-element elementor-element-4cb2492 rt-get-in-touch-form-hm-five elementor-invisible elementor-widget elementor-widget-void-section-cf7\" data-id=\"4cb2492\" data-element_type=\"widget\" data-settings=\"{&quot;_animation&quot;:&quot;fadeInUp&quot;,&quot;_animation_delay&quot;:600}\" data-widget_type=\"void-section-cf7.default\">\n\t\t\t\t<div class=\"elementor-widget-container\">\n\t\t\t<div class=\"void-cf7-form-widget-wrapper elementor-shortcode void-cf7-0\" data-void-cf7-contact-form-id=\"2435\"><div role=\"form\" class=\"wpcf7\" id=\"wpcf7-f2435-o1\" lang=\"en-US\" dir=\"ltr\">\n<div class=\"screen-reader-response\"><p role=\"status\" aria-live=\"polite\" aria-atomic=\"true\"><\/p> <ul><\/ul><\/div>\n<form action=\"\/en\/wp-json\/wp\/v2\/pages\/48911#wpcf7-f2435-o1\" method=\"post\" class=\"wpcf7-form init\" novalidate=\"novalidate\" data-status=\"init\" data-trp-original-action=\"\/en\/wp-json\/wp\/v2\/pages\/48911#wpcf7-f2435-o1\">\n<div style=\"display: none;\">\n<input type=\"hidden\" name=\"_wpcf7\" value=\"2435\" \/>\n<input type=\"hidden\" name=\"_wpcf7_version\" value=\"5.5.5\" \/>\n<input type=\"hidden\" name=\"_wpcf7_locale\" value=\"en_US\" \/>\n<input type=\"hidden\" name=\"_wpcf7_unit_tag\" value=\"wpcf7-f2435-o1\" \/>\n<input type=\"hidden\" name=\"_wpcf7_container_post\" value=\"0\" \/>\n<input type=\"hidden\" name=\"_wpcf7_posted_data_hash\" value=\"\" \/>\n<input type=\"hidden\" name=\"_wpcf7_recaptcha_response\" value=\"\" \/>\n<\/div>\n<p><span class=\"wpcf7-form-control-wrap YourName\"><input type=\"text\" name=\"YourName\" value=\"\" size=\"40\" class=\"wpcf7-form-control wpcf7-text wpcf7-validates-as-required\" aria-required=\"true\" aria-invalid=\"false\" placeholder=\"Your name*\" \/><\/span><br \/>\n<span class=\"wpcf7-form-control-wrap YourEmail\"><input type=\"email\" name=\"YourEmail\" value=\"\" size=\"40\" class=\"wpcf7-form-control wpcf7-text wpcf7-email wpcf7-validates-as-required wpcf7-validates-as-email\" aria-required=\"true\" aria-invalid=\"false\" placeholder=\"Your email address ...\" \/><\/span><br \/>\n<span class=\"wpcf7-form-control-wrap Message\"><textarea name=\"Message\" cols=\"40\" rows=\"10\" class=\"wpcf7-form-control wpcf7-textarea wpcf7-validates-as-required\" aria-required=\"true\" aria-invalid=\"false\" placeholder=\"Message*\"><\/textarea><\/span><br \/>\n<input type=\"submit\" value=\"Send\" class=\"wpcf7-form-control has-spinner wpcf7-submit\" \/><\/p>\n<div class=\"wpcf7-response-output\" aria-hidden=\"true\"><\/div><input type=\"hidden\" name=\"trp-form-language\" value=\"en\"\/><\/form><\/div><\/div>\t\t<\/div>\n\t\t\t\t<\/div>\n\t\t\t\t<div class=\"elementor-element elementor-element-626f196 elementor-widget elementor-widget-spacer\" data-id=\"626f196\" data-element_type=\"widget\" data-widget_type=\"spacer.default\">\n\t\t\t\t<div class=\"elementor-widget-container\">\n\t\t\t\t\t<div class=\"elementor-spacer\">\n\t\t\t<div class=\"elementor-spacer-inner\"><\/div>\n\t\t<\/div>\n\t\t\t\t<\/div>\n\t\t\t\t<\/div>\n\t\t\t\t\t<\/div>\n\t\t<\/div>\n\t\t\t\t\t\t\t<\/div>\n\t\t<\/section>\n\t\t\t\t<div class=\"elementor-element elementor-element-2b86e20 rt-particle-moving-2 elementor-widget__width-initial elementor-absolute elementor-widget elementor-widget-image\" data-id=\"2b86e20\" data-element_type=\"widget\" data-settings=\"{&quot;_position&quot;:&quot;absolute&quot;}\" data-widget_type=\"image.default\">\n\t\t\t\t<div class=\"elementor-widget-container\">\n\t\t\t\t\t\t\t\t\t\t\t\t\t\t\t<img loading=\"lazy\" decoding=\"async\" width=\"28\" height=\"28\" src=\"https:\/\/sinaproiiot.com\/wp-content\/uploads\/2020\/10\/Ban14.png\" class=\"attachment-large size-large\" alt=\"circle1\" \/>\t\t\t\t\t\t\t\t\t\t\t\t\t\t\t<\/div>\n\t\t\t\t<\/div>\n\t\t\t\t\t<\/div>\n\t\t<\/div>\n\t\t\t\t<div class=\"elementor-column elementor-col-50 elementor-inner-column elementor-element elementor-element-cee7eb0\" data-id=\"cee7eb0\" data-element_type=\"column\">\n\t\t\t<div class=\"elementor-widget-wrap\">\n\t\t\t\t\t\t\t\t\t<\/div>\n\t\t<\/div>\n\t\t\t\t\t\t\t<\/div>\n\t\t<\/section>\n\t\t\t\t\t<\/div>\n\t\t<\/div>\n\t\t\t\t\t\t\t<\/div>\n\t\t<\/section>\n\t\t\t\t\t\t<\/div>\n\t\t\t\t\t<\/div>","protected":false},"excerpt":{"rendered":"<p>Potrebujete dostop do podpornega centra? Podporni center je portal za podporo za vse na\u0161e re\u0161itve. Je enostaven za uporabo in zdru\u017euje vse, kar potrebujete na enem mestu. Podporni center Vedno na voljo Pri nas preko 30 zaposlenih dnevno zagotavlja vzdr\u017eevalne storitve, servisna popravila in izvaja podporo uporabnikom pri njihovem delu. Na podlagi 30 let izku\u0161enj [&hellip;]<\/p>","protected":false},"author":1,"featured_media":48916,"parent":0,"menu_order":0,"comment_status":"closed","ping_status":"closed","template":"elementor_header_footer","meta":{"footnotes":""},"class_list":["post-48911","page","type-page","status-publish","has-post-thumbnail","hentry"],"acf":[],"yoast_head":"<!-- This site is optimized with the Yoast SEO plugin v18.2 - https:\/\/yoast.com\/wordpress\/plugins\/seo\/ -->\n<title>Podpora - Sinapro<\/title>\n<meta name=\"description\" content=\"Pri nas preko 30 zaposlenih dnevno zagotavlja vzdr\u017eevalne storitve, servisna popravila in izvaja podporo uporabnikom pri njihovem delu.\" \/>\n<meta name=\"robots\" content=\"index, follow, max-snippet:-1, max-image-preview:large, max-video-preview:-1\" \/>\n<link rel=\"canonical\" href=\"https:\/\/sinaproiiot.com\/en\/podpora\/\" \/>\n<meta property=\"og:locale\" content=\"en_US\" \/>\n<meta property=\"og:type\" content=\"article\" \/>\n<meta property=\"og:title\" content=\"Podpora - Sinapro\" \/>\n<meta property=\"og:description\" content=\"Pri nas preko 30 zaposlenih dnevno zagotavlja vzdr\u017eevalne storitve, servisna popravila in izvaja podporo uporabnikom pri njihovem delu.\" \/>\n<meta property=\"og:url\" content=\"https:\/\/sinaproiiot.com\/en\/podpora\/\" \/>\n<meta property=\"og:site_name\" content=\"Sinapro IIoT - Digitalne re\u0161itve za tovarne prihodnosti\" \/>\n<meta property=\"article:modified_time\" content=\"2022-02-28T12:41:35+00:00\" \/>\n<meta property=\"og:image\" content=\"https:\/\/sinaproiiot.com\/wp-content\/uploads\/2021\/10\/banner_podpora.jpg\" \/>\n\t<meta property=\"og:image:width\" content=\"1366\" \/>\n\t<meta property=\"og:image:height\" content=\"310\" \/>\n\t<meta property=\"og:image:type\" content=\"image\/jpeg\" \/>\n<meta name=\"twitter:card\" content=\"summary_large_image\" \/>\n<script type=\"application\/ld+json\" class=\"yoast-schema-graph\">{\"@context\":\"https:\/\/schema.org\",\"@graph\":[{\"@type\":\"Organization\",\"@id\":\"https:\/\/sinaproiiot.com\/#organization\",\"name\":\"Kolektor Sisteh d.o.o.\",\"url\":\"https:\/\/sinaproiiot.com\/\",\"sameAs\":[],\"logo\":{\"@type\":\"ImageObject\",\"@id\":\"https:\/\/sinaproiiot.com\/#logo\",\"inLanguage\":\"en-US\",\"url\":\"https:\/\/sinaproiiot.com\/wp-content\/uploads\/2021\/03\/logo_kolektor_sisteh_blue.png\",\"contentUrl\":\"https:\/\/sinaproiiot.com\/wp-content\/uploads\/2021\/03\/logo_kolektor_sisteh_blue.png\",\"width\":470,\"height\":35,\"caption\":\"Kolektor Sisteh d.o.o.\"},\"image\":{\"@id\":\"https:\/\/sinaproiiot.com\/#logo\"}},{\"@type\":\"WebSite\",\"@id\":\"https:\/\/sinaproiiot.com\/#website\",\"url\":\"https:\/\/sinaproiiot.com\/\",\"name\":\"Sinapro IIoT - Digitalne re\u0161itve za tovarne prihodnosti\",\"description\":\"The future of industry\",\"publisher\":{\"@id\":\"https:\/\/sinaproiiot.com\/#organization\"},\"potentialAction\":[{\"@type\":\"SearchAction\",\"target\":{\"@type\":\"EntryPoint\",\"urlTemplate\":\"https:\/\/sinaproiiot.com\/?s={search_term_string}\"},\"query-input\":\"required name=search_term_string\"}],\"inLanguage\":\"en-US\"},{\"@type\":\"ImageObject\",\"@id\":\"https:\/\/sinaproiiot.com\/en\/podpora\/#primaryimage\",\"inLanguage\":\"en-US\",\"url\":\"https:\/\/sinaproiiot.com\/wp-content\/uploads\/2021\/10\/banner_podpora.jpg\",\"contentUrl\":\"https:\/\/sinaproiiot.com\/wp-content\/uploads\/2021\/10\/banner_podpora.jpg\",\"width\":1366,\"height\":310},{\"@type\":\"WebPage\",\"@id\":\"https:\/\/sinaproiiot.com\/en\/podpora\/#webpage\",\"url\":\"https:\/\/sinaproiiot.com\/en\/podpora\/\",\"name\":\"Podpora - Sinapro\",\"isPartOf\":{\"@id\":\"https:\/\/sinaproiiot.com\/#website\"},\"primaryImageOfPage\":{\"@id\":\"https:\/\/sinaproiiot.com\/en\/podpora\/#primaryimage\"},\"datePublished\":\"2021-10-05T14:00:44+00:00\",\"dateModified\":\"2022-02-28T12:41:35+00:00\",\"description\":\"Pri nas preko 30 zaposlenih dnevno zagotavlja vzdr\u017eevalne storitve, servisna popravila in izvaja podporo uporabnikom pri njihovem delu.\",\"breadcrumb\":{\"@id\":\"https:\/\/sinaproiiot.com\/en\/podpora\/#breadcrumb\"},\"inLanguage\":\"en-US\",\"potentialAction\":[{\"@type\":\"ReadAction\",\"target\":[\"https:\/\/sinaproiiot.com\/en\/podpora\/\"]}]},{\"@type\":\"BreadcrumbList\",\"@id\":\"https:\/\/sinaproiiot.com\/en\/podpora\/#breadcrumb\",\"itemListElement\":[{\"@type\":\"ListItem\",\"position\":1,\"name\":\"Domov\",\"item\":\"https:\/\/sinaproiiot.com\/\"},{\"@type\":\"ListItem\",\"position\":2,\"name\":\"Podpora\"}]}]}<\/script>\n<!-- \/ Yoast SEO plugin. -->","yoast_head_json":{"title":"Podpora - Sinapro","description":"Pri nas preko 30 zaposlenih dnevno zagotavlja vzdr\u017eevalne storitve, servisna popravila in izvaja podporo uporabnikom pri njihovem delu.","robots":{"index":"index","follow":"follow","max-snippet":"max-snippet:-1","max-image-preview":"max-image-preview:large","max-video-preview":"max-video-preview:-1"},"canonical":"https:\/\/sinaproiiot.com\/en\/podpora\/","og_locale":"en_US","og_type":"article","og_title":"Podpora - Sinapro","og_description":"Pri nas preko 30 zaposlenih dnevno zagotavlja vzdr\u017eevalne storitve, servisna popravila in izvaja podporo uporabnikom pri njihovem delu.","og_url":"https:\/\/sinaproiiot.com\/en\/podpora\/","og_site_name":"Sinapro IIoT - Digitalne re\u0161itve za tovarne prihodnosti","article_modified_time":"2022-02-28T12:41:35+00:00","og_image":[{"width":1366,"height":310,"url":"https:\/\/sinaproiiot.com\/wp-content\/uploads\/2021\/10\/banner_podpora.jpg","type":"image\/jpeg"}],"twitter_card":"summary_large_image","schema":{"@context":"https:\/\/schema.org","@graph":[{"@type":"Organization","@id":"https:\/\/sinaproiiot.com\/#organization","name":"Kolektor Sisteh d.o.o.","url":"https:\/\/sinaproiiot.com\/","sameAs":[],"logo":{"@type":"ImageObject","@id":"https:\/\/sinaproiiot.com\/#logo","inLanguage":"en-US","url":"https:\/\/sinaproiiot.com\/wp-content\/uploads\/2021\/03\/logo_kolektor_sisteh_blue.png","contentUrl":"https:\/\/sinaproiiot.com\/wp-content\/uploads\/2021\/03\/logo_kolektor_sisteh_blue.png","width":470,"height":35,"caption":"Kolektor Sisteh d.o.o."},"image":{"@id":"https:\/\/sinaproiiot.com\/#logo"}},{"@type":"WebSite","@id":"https:\/\/sinaproiiot.com\/#website","url":"https:\/\/sinaproiiot.com\/","name":"Sinapro IIoT - Digitalne re\u0161itve za tovarne prihodnosti","description":"The future of industry","publisher":{"@id":"https:\/\/sinaproiiot.com\/#organization"},"potentialAction":[{"@type":"SearchAction","target":{"@type":"EntryPoint","urlTemplate":"https:\/\/sinaproiiot.com\/?s={search_term_string}"},"query-input":"required name=search_term_string"}],"inLanguage":"en-US"},{"@type":"ImageObject","@id":"https:\/\/sinaproiiot.com\/en\/podpora\/#primaryimage","inLanguage":"en-US","url":"https:\/\/sinaproiiot.com\/wp-content\/uploads\/2021\/10\/banner_podpora.jpg","contentUrl":"https:\/\/sinaproiiot.com\/wp-content\/uploads\/2021\/10\/banner_podpora.jpg","width":1366,"height":310},{"@type":"WebPage","@id":"https:\/\/sinaproiiot.com\/en\/podpora\/#webpage","url":"https:\/\/sinaproiiot.com\/en\/podpora\/","name":"Podpora - Sinapro","isPartOf":{"@id":"https:\/\/sinaproiiot.com\/#website"},"primaryImageOfPage":{"@id":"https:\/\/sinaproiiot.com\/en\/podpora\/#primaryimage"},"datePublished":"2021-10-05T14:00:44+00:00","dateModified":"2022-02-28T12:41:35+00:00","description":"Pri nas preko 30 zaposlenih dnevno zagotavlja vzdr\u017eevalne storitve, servisna popravila in izvaja podporo uporabnikom pri njihovem delu.","breadcrumb":{"@id":"https:\/\/sinaproiiot.com\/en\/podpora\/#breadcrumb"},"inLanguage":"en-US","potentialAction":[{"@type":"ReadAction","target":["https:\/\/sinaproiiot.com\/en\/podpora\/"]}]},{"@type":"BreadcrumbList","@id":"https:\/\/sinaproiiot.com\/en\/podpora\/#breadcrumb","itemListElement":[{"@type":"ListItem","position":1,"name":"Domov","item":"https:\/\/sinaproiiot.com\/"},{"@type":"ListItem","position":2,"name":"Podpora"}]}]}},"_links":{"self":[{"href":"https:\/\/sinaproiiot.com\/en\/wp-json\/wp\/v2\/pages\/48911","targetHints":{"allow":["GET"]}}],"collection":[{"href":"https:\/\/sinaproiiot.com\/en\/wp-json\/wp\/v2\/pages"}],"about":[{"href":"https:\/\/sinaproiiot.com\/en\/wp-json\/wp\/v2\/types\/page"}],"author":[{"embeddable":true,"href":"https:\/\/sinaproiiot.com\/en\/wp-json\/wp\/v2\/users\/1"}],"replies":[{"embeddable":true,"href":"https:\/\/sinaproiiot.com\/en\/wp-json\/wp\/v2\/comments?post=48911"}],"version-history":[{"count":16,"href":"https:\/\/sinaproiiot.com\/en\/wp-json\/wp\/v2\/pages\/48911\/revisions"}],"predecessor-version":[{"id":52887,"href":"https:\/\/sinaproiiot.com\/en\/wp-json\/wp\/v2\/pages\/48911\/revisions\/52887"}],"wp:featuredmedia":[{"embeddable":true,"href":"https:\/\/sinaproiiot.com\/en\/wp-json\/wp\/v2\/media\/48916"}],"wp:attachment":[{"href":"https:\/\/sinaproiiot.com\/en\/wp-json\/wp\/v2\/media?parent=48911"}],"curies":[{"name":"wp","href":"https:\/\/api.w.org\/{rel}","templated":true}]}}