{"id":48988,"date":"2021-10-08T14:03:02","date_gmt":"2021-10-08T12:03:02","guid":{"rendered":"https:\/\/sinaproiiot.com\/?page_id=48988"},"modified":"2022-11-18T10:57:56","modified_gmt":"2022-11-18T09:57:56","slug":"vprasalnik","status":"publish","type":"page","link":"https:\/\/sinaproiiot.com\/en\/vprasalnik\/","title":{"rendered":"Quick digital maturity evaluation"},"content":{"rendered":"<div data-elementor-type=\"wp-page\" data-elementor-id=\"48988\" class=\"elementor elementor-48988\" data-elementor-settings=\"[]\">\n\t\t\t\t\t\t\t<div class=\"elementor-section-wrap\">\n\t\t\t\t\t\t\t<section class=\"elementor-section elementor-top-section elementor-element elementor-element-dcd8202 elementor-section-stretched elementor-section-boxed elementor-section-height-default elementor-section-height-default\" data-id=\"dcd8202\" data-element_type=\"section\" data-settings=\"{&quot;stretch_section&quot;:&quot;section-stretched&quot;,&quot;background_background&quot;:&quot;classic&quot;}\">\n\t\t\t\t\t\t\t<div class=\"elementor-background-overlay\"><\/div>\n\t\t\t\t\t\t\t<div class=\"elementor-container elementor-column-gap-default\">\n\t\t\t\t\t<div class=\"elementor-column elementor-col-100 elementor-top-column elementor-element elementor-element-d0390a1\" data-id=\"d0390a1\" data-element_type=\"column\">\n\t\t\t<div class=\"elementor-widget-wrap elementor-element-populated\">\n\t\t\t\t\t\t\t\t<section class=\"elementor-section elementor-inner-section elementor-element elementor-element-fb504de elementor-section-boxed elementor-section-height-default elementor-section-height-default\" data-id=\"fb504de\" data-element_type=\"section\">\n\t\t\t\t\t\t<div class=\"elementor-container elementor-column-gap-default\">\n\t\t\t\t\t<div class=\"elementor-column elementor-col-33 elementor-inner-column elementor-element elementor-element-8b9aff4\" data-id=\"8b9aff4\" data-element_type=\"column\">\n\t\t\t<div class=\"elementor-widget-wrap\">\n\t\t\t\t\t\t\t\t\t<\/div>\n\t\t<\/div>\n\t\t\t\t<div class=\"elementor-column elementor-col-33 elementor-inner-column elementor-element elementor-element-801b23e\" data-id=\"801b23e\" data-element_type=\"column\">\n\t\t\t<div class=\"elementor-widget-wrap elementor-element-populated\">\n\t\t\t\t\t\t\t\t<div class=\"elementor-element elementor-element-9828e92 elementor-invisible elementor-widget elementor-widget-heading\" data-id=\"9828e92\" data-element_type=\"widget\" data-settings=\"{&quot;_animation&quot;:&quot;fadeInUp&quot;,&quot;_animation_delay&quot;:200}\" data-widget_type=\"heading.default\">\n\t\t\t\t<div class=\"elementor-widget-container\">\n\t\t\t<h6 class=\"elementor-heading-title elementor-size-default\">We'll help you succeed!<\/h6>\t\t<\/div>\n\t\t\t\t<\/div>\n\t\t\t\t<div class=\"elementor-element elementor-element-6278fcf elementor-invisible elementor-widget elementor-widget-heading\" data-id=\"6278fcf\" data-element_type=\"widget\" data-settings=\"{&quot;_animation&quot;:&quot;fadeInUp&quot;,&quot;_animation_delay&quot;:400}\" data-widget_type=\"heading.default\">\n\t\t\t\t<div class=\"elementor-widget-container\">\n\t\t\t<h3 class=\"elementor-heading-title elementor-size-default\">Fill in the questionnaire on your company's digital maturity.<\/h3>\t\t<\/div>\n\t\t\t\t<\/div>\n\t\t\t\t<div class=\"elementor-element elementor-element-cf791de elementor-invisible elementor-widget elementor-widget-text-editor\" data-id=\"cf791de\" data-element_type=\"widget\" data-settings=\"{&quot;_animation&quot;:&quot;fadeInUp&quot;,&quot;_animation_delay&quot;:600}\" data-widget_type=\"text-editor.default\">\n\t\t\t\t<div class=\"elementor-widget-container\">\n\t\t\t\t\t\t\t<p>The questionnaire is designed to provide a quick snapshot of the state of play of the digitalisation of production processes. Based on the answers you enter, you will receive an automated message regarding the digital maturity assessment.<\/p>\t\t\t\t\t\t<\/div>\n\t\t\t\t<\/div>\n\t\t\t\t<div class=\"elementor-element elementor-element-1199ccb elementor-invisible elementor-widget elementor-widget-text-editor\" data-id=\"1199ccb\" data-element_type=\"widget\" data-settings=\"{&quot;_animation&quot;:&quot;fadeInUp&quot;,&quot;_animation_delay&quot;:600}\" data-widget_type=\"text-editor.default\">\n\t\t\t\t<div class=\"elementor-widget-container\">\n\t\t\t\t\t\t\t<p>Digital Transformation Advisors will contact you shortly with the result achieved and provide you with key guidance on your way forward in digitising your production processes.<\/p>\t\t\t\t\t\t<\/div>\n\t\t\t\t<\/div>\n\t\t\t\t\t<\/div>\n\t\t<\/div>\n\t\t\t\t<div class=\"elementor-column elementor-col-33 elementor-inner-column elementor-element elementor-element-1c5c45c\" data-id=\"1c5c45c\" data-element_type=\"column\">\n\t\t\t<div class=\"elementor-widget-wrap\">\n\t\t\t\t\t\t\t\t\t<\/div>\n\t\t<\/div>\n\t\t\t\t\t\t\t<\/div>\n\t\t<\/section>\n\t\t\t\t\t<\/div>\n\t\t<\/div>\n\t\t\t\t\t\t\t<\/div>\n\t\t<\/section>\n\t\t\t\t\t\t<\/div>\n\t\t\t\t\t<\/div>","protected":false},"excerpt":{"rendered":"<p>Pomagali vam bomo uspeti! Izpolnite vpra\u0161alnik o digitalni zrelosti va\u0161ega podjetja. Vpra\u0161alnik je namenjen hitremu pregledu dejanskega stanja digitalizacije proizvodnih procesov. Na podlagi vnesenih odgovorov boste prejeli avtomatsko sporo\u010dilo glede ocene digitalne zrelosti. Svetovalci za digitalno transformacijo vas bodo v kratkem kontaktirali glede dose\u017eenega rezultata in vam posredovali klju\u010dne usmeritve na va\u0161i nadaljnji poti digitalizacije [&hellip;]<\/p>","protected":false},"author":1,"featured_media":48853,"parent":0,"menu_order":0,"comment_status":"closed","ping_status":"closed","template":"template-sinapro-form.php","meta":{"footnotes":""},"class_list":["post-48988","page","type-page","status-publish","has-post-thumbnail","hentry"],"acf":[],"yoast_head":"<!-- This site is optimized with the Yoast SEO plugin v18.2 - https:\/\/yoast.com\/wordpress\/plugins\/seo\/ -->\n<title>Hitra ocena digitalne zrelosti za proizvodnja podjetja<\/title>\n<meta name=\"description\" content=\"Vpra\u0161alnik je namenjen hitremu pregledu dejanskega stanja digitalizacije proizvodnih procesov.\" \/>\n<meta name=\"robots\" content=\"index, follow, max-snippet:-1, max-image-preview:large, max-video-preview:-1\" \/>\n<link rel=\"canonical\" href=\"https:\/\/sinaproiiot.com\/en\/vprasalnik\/\" \/>\n<meta property=\"og:locale\" content=\"en_US\" \/>\n<meta property=\"og:type\" content=\"article\" \/>\n<meta property=\"og:title\" content=\"Hitra ocena digitalne zrelosti za proizvodnja podjetja\" \/>\n<meta property=\"og:description\" content=\"Vpra\u0161alnik je namenjen hitremu pregledu dejanskega stanja digitalizacije proizvodnih procesov.\" \/>\n<meta property=\"og:url\" content=\"https:\/\/sinaproiiot.com\/en\/vprasalnik\/\" \/>\n<meta property=\"og:site_name\" content=\"Sinapro IIoT - Digitalne re\u0161itve za tovarne prihodnosti\" \/>\n<meta property=\"article:modified_time\" content=\"2022-11-18T09:57:56+00:00\" \/>\n<meta property=\"og:image\" content=\"https:\/\/sinaproiiot.com\/wp-content\/uploads\/2021\/10\/studije_uporabe.jpg\" \/>\n\t<meta property=\"og:image:width\" content=\"1366\" \/>\n\t<meta property=\"og:image:height\" content=\"310\" \/>\n\t<meta property=\"og:image:type\" content=\"image\/jpeg\" \/>\n<meta name=\"twitter:card\" content=\"summary_large_image\" \/>\n<meta name=\"twitter:label1\" content=\"Est. reading time\" \/>\n\t<meta name=\"twitter:data1\" content=\"1 minute\" \/>\n<script type=\"application\/ld+json\" class=\"yoast-schema-graph\">{\"@context\":\"https:\/\/schema.org\",\"@graph\":[{\"@type\":\"Organization\",\"@id\":\"https:\/\/sinaproiiot.com\/#organization\",\"name\":\"Kolektor Sisteh d.o.o.\",\"url\":\"https:\/\/sinaproiiot.com\/\",\"sameAs\":[],\"logo\":{\"@type\":\"ImageObject\",\"@id\":\"https:\/\/sinaproiiot.com\/#logo\",\"inLanguage\":\"en-US\",\"url\":\"https:\/\/sinaproiiot.com\/wp-content\/uploads\/2021\/03\/logo_kolektor_sisteh_blue.png\",\"contentUrl\":\"https:\/\/sinaproiiot.com\/wp-content\/uploads\/2021\/03\/logo_kolektor_sisteh_blue.png\",\"width\":470,\"height\":35,\"caption\":\"Kolektor Sisteh d.o.o.\"},\"image\":{\"@id\":\"https:\/\/sinaproiiot.com\/#logo\"}},{\"@type\":\"WebSite\",\"@id\":\"https:\/\/sinaproiiot.com\/#website\",\"url\":\"https:\/\/sinaproiiot.com\/\",\"name\":\"Sinapro IIoT - Digitalne re\u0161itve za tovarne prihodnosti\",\"description\":\"The future of industry\",\"publisher\":{\"@id\":\"https:\/\/sinaproiiot.com\/#organization\"},\"potentialAction\":[{\"@type\":\"SearchAction\",\"target\":{\"@type\":\"EntryPoint\",\"urlTemplate\":\"https:\/\/sinaproiiot.com\/?s={search_term_string}\"},\"query-input\":\"required name=search_term_string\"}],\"inLanguage\":\"en-US\"},{\"@type\":\"ImageObject\",\"@id\":\"https:\/\/sinaproiiot.com\/vprasalnik\/#primaryimage\",\"inLanguage\":\"en-US\",\"url\":\"https:\/\/sinaproiiot.com\/wp-content\/uploads\/2021\/10\/studije_uporabe.jpg\",\"contentUrl\":\"https:\/\/sinaproiiot.com\/wp-content\/uploads\/2021\/10\/studije_uporabe.jpg\",\"width\":1366,\"height\":310},{\"@type\":\"WebPage\",\"@id\":\"https:\/\/sinaproiiot.com\/vprasalnik\/#webpage\",\"url\":\"https:\/\/sinaproiiot.com\/vprasalnik\/\",\"name\":\"Hitra ocena digitalne zrelosti za proizvodnja podjetja\",\"isPartOf\":{\"@id\":\"https:\/\/sinaproiiot.com\/#website\"},\"primaryImageOfPage\":{\"@id\":\"https:\/\/sinaproiiot.com\/vprasalnik\/#primaryimage\"},\"datePublished\":\"2021-10-08T12:03:02+00:00\",\"dateModified\":\"2022-11-18T09:57:56+00:00\",\"description\":\"Vpra\u0161alnik je namenjen hitremu pregledu dejanskega stanja digitalizacije proizvodnih procesov.\",\"breadcrumb\":{\"@id\":\"https:\/\/sinaproiiot.com\/vprasalnik\/#breadcrumb\"},\"inLanguage\":\"en-US\",\"potentialAction\":[{\"@type\":\"ReadAction\",\"target\":[\"https:\/\/sinaproiiot.com\/vprasalnik\/\"]}]},{\"@type\":\"BreadcrumbList\",\"@id\":\"https:\/\/sinaproiiot.com\/vprasalnik\/#breadcrumb\",\"itemListElement\":[{\"@type\":\"ListItem\",\"position\":1,\"name\":\"Domov\",\"item\":\"https:\/\/sinaproiiot.com\/\"},{\"@type\":\"ListItem\",\"position\":2,\"name\":\"Hitra ocena digitalne zrelosti\"}]}]}<\/script>\n<!-- \/ Yoast SEO plugin. -->","yoast_head_json":{"title":"Hitra ocena digitalne zrelosti za proizvodnja podjetja","description":"Vpra\u0161alnik je namenjen hitremu pregledu dejanskega stanja digitalizacije proizvodnih procesov.","robots":{"index":"index","follow":"follow","max-snippet":"max-snippet:-1","max-image-preview":"max-image-preview:large","max-video-preview":"max-video-preview:-1"},"canonical":"https:\/\/sinaproiiot.com\/en\/vprasalnik\/","og_locale":"en_US","og_type":"article","og_title":"Hitra ocena digitalne zrelosti za proizvodnja podjetja","og_description":"Vpra\u0161alnik je namenjen hitremu pregledu dejanskega stanja digitalizacije proizvodnih procesov.","og_url":"https:\/\/sinaproiiot.com\/en\/vprasalnik\/","og_site_name":"Sinapro IIoT - Digitalne re\u0161itve za tovarne prihodnosti","article_modified_time":"2022-11-18T09:57:56+00:00","og_image":[{"width":1366,"height":310,"url":"https:\/\/sinaproiiot.com\/wp-content\/uploads\/2021\/10\/studije_uporabe.jpg","type":"image\/jpeg"}],"twitter_card":"summary_large_image","twitter_misc":{"Est. reading time":"1 minute"},"schema":{"@context":"https:\/\/schema.org","@graph":[{"@type":"Organization","@id":"https:\/\/sinaproiiot.com\/#organization","name":"Kolektor Sisteh d.o.o.","url":"https:\/\/sinaproiiot.com\/","sameAs":[],"logo":{"@type":"ImageObject","@id":"https:\/\/sinaproiiot.com\/#logo","inLanguage":"en-US","url":"https:\/\/sinaproiiot.com\/wp-content\/uploads\/2021\/03\/logo_kolektor_sisteh_blue.png","contentUrl":"https:\/\/sinaproiiot.com\/wp-content\/uploads\/2021\/03\/logo_kolektor_sisteh_blue.png","width":470,"height":35,"caption":"Kolektor Sisteh d.o.o."},"image":{"@id":"https:\/\/sinaproiiot.com\/#logo"}},{"@type":"WebSite","@id":"https:\/\/sinaproiiot.com\/#website","url":"https:\/\/sinaproiiot.com\/","name":"Sinapro IIoT - Digitalne re\u0161itve za tovarne prihodnosti","description":"The future of industry","publisher":{"@id":"https:\/\/sinaproiiot.com\/#organization"},"potentialAction":[{"@type":"SearchAction","target":{"@type":"EntryPoint","urlTemplate":"https:\/\/sinaproiiot.com\/?s={search_term_string}"},"query-input":"required name=search_term_string"}],"inLanguage":"en-US"},{"@type":"ImageObject","@id":"https:\/\/sinaproiiot.com\/vprasalnik\/#primaryimage","inLanguage":"en-US","url":"https:\/\/sinaproiiot.com\/wp-content\/uploads\/2021\/10\/studije_uporabe.jpg","contentUrl":"https:\/\/sinaproiiot.com\/wp-content\/uploads\/2021\/10\/studije_uporabe.jpg","width":1366,"height":310},{"@type":"WebPage","@id":"https:\/\/sinaproiiot.com\/vprasalnik\/#webpage","url":"https:\/\/sinaproiiot.com\/vprasalnik\/","name":"Hitra ocena digitalne zrelosti za proizvodnja podjetja","isPartOf":{"@id":"https:\/\/sinaproiiot.com\/#website"},"primaryImageOfPage":{"@id":"https:\/\/sinaproiiot.com\/vprasalnik\/#primaryimage"},"datePublished":"2021-10-08T12:03:02+00:00","dateModified":"2022-11-18T09:57:56+00:00","description":"Vpra\u0161alnik je namenjen hitremu pregledu dejanskega stanja digitalizacije proizvodnih procesov.","breadcrumb":{"@id":"https:\/\/sinaproiiot.com\/vprasalnik\/#breadcrumb"},"inLanguage":"en-US","potentialAction":[{"@type":"ReadAction","target":["https:\/\/sinaproiiot.com\/vprasalnik\/"]}]},{"@type":"BreadcrumbList","@id":"https:\/\/sinaproiiot.com\/vprasalnik\/#breadcrumb","itemListElement":[{"@type":"ListItem","position":1,"name":"Domov","item":"https:\/\/sinaproiiot.com\/"},{"@type":"ListItem","position":2,"name":"Hitra ocena digitalne zrelosti"}]}]}},"_links":{"self":[{"href":"https:\/\/sinaproiiot.com\/en\/wp-json\/wp\/v2\/pages\/48988","targetHints":{"allow":["GET"]}}],"collection":[{"href":"https:\/\/sinaproiiot.com\/en\/wp-json\/wp\/v2\/pages"}],"about":[{"href":"https:\/\/sinaproiiot.com\/en\/wp-json\/wp\/v2\/types\/page"}],"author":[{"embeddable":true,"href":"https:\/\/sinaproiiot.com\/en\/wp-json\/wp\/v2\/users\/1"}],"replies":[{"embeddable":true,"href":"https:\/\/sinaproiiot.com\/en\/wp-json\/wp\/v2\/comments?post=48988"}],"version-history":[{"count":7,"href":"https:\/\/sinaproiiot.com\/en\/wp-json\/wp\/v2\/pages\/48988\/revisions"}],"predecessor-version":[{"id":53210,"href":"https:\/\/sinaproiiot.com\/en\/wp-json\/wp\/v2\/pages\/48988\/revisions\/53210"}],"wp:featuredmedia":[{"embeddable":true,"href":"https:\/\/sinaproiiot.com\/en\/wp-json\/wp\/v2\/media\/48853"}],"wp:attachment":[{"href":"https:\/\/sinaproiiot.com\/en\/wp-json\/wp\/v2\/media?parent=48988"}],"curies":[{"name":"wp","href":"https:\/\/api.w.org\/{rel}","templated":true}]}}